{"id":25,"date":"2020-01-22T20:25:27","date_gmt":"2020-01-22T20:25:27","guid":{"rendered":"http:\/\/wiesen-imkerei.de\/?page_id=25"},"modified":"2020-03-18T21:24:54","modified_gmt":"2020-03-18T21:24:54","slug":"bienenseminar-fuer-erwachsene","status":"publish","type":"page","link":"https:\/\/wiesen-imkerei.de\/?page_id=25","title":{"rendered":"Bienenseminar f\u00fcr Erwachsene"},"content":{"rendered":"\n<p><img loading=\"lazy\" decoding=\"async\" width=\"2000\" height=\"918\" class=\"wp-image-79\" style=\"width: 2000px;\" src=\"http:\/\/wiesen-imkerei.de\/wp-content\/uploads\/2020\/01\/2er-Smoker.png\" alt=\"\" srcset=\"https:\/\/wiesen-imkerei.de\/wp-content\/uploads\/2020\/01\/2er-Smoker.png 2000w, https:\/\/wiesen-imkerei.de\/wp-content\/uploads\/2020\/01\/2er-Smoker-300x138.png 300w, https:\/\/wiesen-imkerei.de\/wp-content\/uploads\/2020\/01\/2er-Smoker-1024x470.png 1024w, https:\/\/wiesen-imkerei.de\/wp-content\/uploads\/2020\/01\/2er-Smoker-768x353.png 768w, https:\/\/wiesen-imkerei.de\/wp-content\/uploads\/2020\/01\/2er-Smoker-1536x705.png 1536w, https:\/\/wiesen-imkerei.de\/wp-content\/uploads\/2020\/01\/2er-Smoker-940x431.png 940w, https:\/\/wiesen-imkerei.de\/wp-content\/uploads\/2020\/01\/2er-Smoker-871x400.png 871w\" sizes=\"auto, (max-width: 2000px) 100vw, 2000px\" \/><br><br> Wenn Sie schon immer mal was \u00fcber das Leben und Verhalten der Bienen,  die Gewinnung des Honigs und die weiteren Verarbeitungsschritte erfahren  wollten, dann ist das genau der richtige Kurs f\u00fcr Sie! <br>Ich erkl\u00e4re Ihnen mit Hilfe von Anschauungsmaterialien alles was Sie <br>wissen m\u00fcssen.  <\/p>\n\n\n\n<p><br><img loading=\"lazy\" decoding=\"async\" width=\"2000\" height=\"663\" class=\"wp-image-78\" style=\"width: 2000px;\" src=\"http:\/\/wiesen-imkerei.de\/wp-content\/uploads\/2020\/01\/2er-Bienenstock.png\" alt=\"\" srcset=\"https:\/\/wiesen-imkerei.de\/wp-content\/uploads\/2020\/01\/2er-Bienenstock.png 2000w, https:\/\/wiesen-imkerei.de\/wp-content\/uploads\/2020\/01\/2er-Bienenstock-300x99.png 300w, https:\/\/wiesen-imkerei.de\/wp-content\/uploads\/2020\/01\/2er-Bienenstock-1024x339.png 1024w, https:\/\/wiesen-imkerei.de\/wp-content\/uploads\/2020\/01\/2er-Bienenstock-768x255.png 768w, https:\/\/wiesen-imkerei.de\/wp-content\/uploads\/2020\/01\/2er-Bienenstock-1536x509.png 1536w, https:\/\/wiesen-imkerei.de\/wp-content\/uploads\/2020\/01\/2er-Bienenstock-940x312.png 940w, https:\/\/wiesen-imkerei.de\/wp-content\/uploads\/2020\/01\/2er-Bienenstock-1200x398.png 1200w\" sizes=\"auto, (max-width: 2000px) 100vw, 2000px\" \/><br><img loading=\"lazy\" decoding=\"async\" width=\"20000\" height=\"6633\" class=\"wp-image-80\" style=\"width: 20000px;\" src=\"http:\/\/wiesen-imkerei.de\/wp-content\/uploads\/2020\/01\/UE9B0099-b-Bienenwabe-2er.png\" alt=\"\" srcset=\"https:\/\/wiesen-imkerei.de\/wp-content\/uploads\/2020\/01\/UE9B0099-b-Bienenwabe-2er.png 3015w, https:\/\/wiesen-imkerei.de\/wp-content\/uploads\/2020\/01\/UE9B0099-b-Bienenwabe-2er-300x100.png 300w, https:\/\/wiesen-imkerei.de\/wp-content\/uploads\/2020\/01\/UE9B0099-b-Bienenwabe-2er-1024x340.png 1024w, https:\/\/wiesen-imkerei.de\/wp-content\/uploads\/2020\/01\/UE9B0099-b-Bienenwabe-2er-768x255.png 768w, https:\/\/wiesen-imkerei.de\/wp-content\/uploads\/2020\/01\/UE9B0099-b-Bienenwabe-2er-1536x509.png 1536w, https:\/\/wiesen-imkerei.de\/wp-content\/uploads\/2020\/01\/UE9B0099-b-Bienenwabe-2er-2048x679.png 2048w, https:\/\/wiesen-imkerei.de\/wp-content\/uploads\/2020\/01\/UE9B0099-b-Bienenwabe-2er-940x312.png 940w, https:\/\/wiesen-imkerei.de\/wp-content\/uploads\/2020\/01\/UE9B0099-b-Bienenwabe-2er-1200x398.png 1200w\" sizes=\"auto, (max-width: 20000px) 100vw, 20000px\" \/><br><img loading=\"lazy\" decoding=\"async\" width=\"2000\" height=\"1119\" class=\"wp-image-149\" src=\"https:\/\/wiesen-imkerei.de\/wp-content\/uploads\/2020\/03\/3AAA3A77-604B-4C2A-88DA-7B93B62CF7D0.png\" alt=\"\" style=\"width: 2000px;\" srcset=\"https:\/\/wiesen-imkerei.de\/wp-content\/uploads\/2020\/03\/3AAA3A77-604B-4C2A-88DA-7B93B62CF7D0.png 2145w, https:\/\/wiesen-imkerei.de\/wp-content\/uploads\/2020\/03\/3AAA3A77-604B-4C2A-88DA-7B93B62CF7D0-300x168.png 300w, https:\/\/wiesen-imkerei.de\/wp-content\/uploads\/2020\/03\/3AAA3A77-604B-4C2A-88DA-7B93B62CF7D0-1024x573.png 1024w, https:\/\/wiesen-imkerei.de\/wp-content\/uploads\/2020\/03\/3AAA3A77-604B-4C2A-88DA-7B93B62CF7D0-768x430.png 768w, https:\/\/wiesen-imkerei.de\/wp-content\/uploads\/2020\/03\/3AAA3A77-604B-4C2A-88DA-7B93B62CF7D0-1536x859.png 1536w, https:\/\/wiesen-imkerei.de\/wp-content\/uploads\/2020\/03\/3AAA3A77-604B-4C2A-88DA-7B93B62CF7D0-2048x1146.png 2048w, https:\/\/wiesen-imkerei.de\/wp-content\/uploads\/2020\/03\/3AAA3A77-604B-4C2A-88DA-7B93B62CF7D0-940x526.png 940w, https:\/\/wiesen-imkerei.de\/wp-content\/uploads\/2020\/03\/3AAA3A77-604B-4C2A-88DA-7B93B62CF7D0-715x400.png 715w\" sizes=\"auto, (max-width: 2000px) 100vw, 2000px\" \/><\/p>\n","protected":false},"excerpt":{"rendered":"<p>Wenn Sie schon immer mal was \u00fcber das Leben und Verhalten der Bienen, die Gewinnung des Honigs und die weiteren Verarbeitungsschritte erfahren wollten, dann ist das genau der richtige Kurs f\u00fcr Sie! Ich erkl\u00e4re Ihnen&hellip; <a href=\"https:\/\/wiesen-imkerei.de\/?page_id=25\">Mehr<\/a><\/p>\n","protected":false},"author":1,"featured_media":0,"parent":0,"menu_order":0,"comment_status":"closed","ping_status":"closed","template":"","meta":{"footnotes":""},"class_list":["post-25","page","type-page","status-publish","hentry"],"_links":{"self":[{"href":"https:\/\/wiesen-imkerei.de\/index.php?rest_route=\/wp\/v2\/pages\/25","targetHints":{"allow":["GET"]}}],"collection":[{"href":"https:\/\/wiesen-imkerei.de\/index.php?rest_route=\/wp\/v2\/pages"}],"about":[{"href":"https:\/\/wiesen-imkerei.de\/index.php?rest_route=\/wp\/v2\/types\/page"}],"author":[{"embeddable":true,"href":"https:\/\/wiesen-imkerei.de\/index.php?rest_route=\/wp\/v2\/users\/1"}],"replies":[{"embeddable":true,"href":"https:\/\/wiesen-imkerei.de\/index.php?rest_route=%2Fwp%2Fv2%2Fcomments&post=25"}],"version-history":[{"count":4,"href":"https:\/\/wiesen-imkerei.de\/index.php?rest_route=\/wp\/v2\/pages\/25\/revisions"}],"predecessor-version":[{"id":152,"href":"https:\/\/wiesen-imkerei.de\/index.php?rest_route=\/wp\/v2\/pages\/25\/revisions\/152"}],"wp:attachment":[{"href":"https:\/\/wiesen-imkerei.de\/index.php?rest_route=%2Fwp%2Fv2%2Fmedia&parent=25"}],"curies":[{"name":"wp","href":"https:\/\/api.w.org\/{rel}","templated":true}]}}