{"id":39,"date":"2020-01-22T21:04:09","date_gmt":"2020-01-22T21:04:09","guid":{"rendered":"http:\/\/wiesen-imkerei.de\/?page_id=39"},"modified":"2026-02-08T18:39:19","modified_gmt":"2026-02-08T18:39:19","slug":"kraeuterwanderungen","status":"publish","type":"page","link":"https:\/\/wiesen-imkerei.de\/?page_id=39","title":{"rendered":"Achtsame Naturspazierg\u00e4nge"},"content":{"rendered":"\n<figure class=\"wp-block-image size-large\"><img loading=\"lazy\" decoding=\"async\" width=\"1024\" height=\"615\" src=\"https:\/\/wiesen-imkerei.de\/wp-content\/uploads\/2020\/01\/UE9B8522-b-1024x615.png\" alt=\"\" class=\"wp-image-110\" srcset=\"https:\/\/wiesen-imkerei.de\/wp-content\/uploads\/2020\/01\/UE9B8522-b-1024x615.png 1024w, https:\/\/wiesen-imkerei.de\/wp-content\/uploads\/2020\/01\/UE9B8522-b-300x180.png 300w, https:\/\/wiesen-imkerei.de\/wp-content\/uploads\/2020\/01\/UE9B8522-b-768x462.png 768w, https:\/\/wiesen-imkerei.de\/wp-content\/uploads\/2020\/01\/UE9B8522-b-1536x923.png 1536w, https:\/\/wiesen-imkerei.de\/wp-content\/uploads\/2020\/01\/UE9B8522-b-940x565.png 940w, https:\/\/wiesen-imkerei.de\/wp-content\/uploads\/2020\/01\/UE9B8522-b-666x400.png 666w, https:\/\/wiesen-imkerei.de\/wp-content\/uploads\/2020\/01\/UE9B8522-b.png 2000w\" sizes=\"auto, (max-width: 1024px) 100vw, 1024px\" \/><\/figure>\n\n\n\n<p>Bei einer Wanderung durch den heimischen Wald, kommen wir an Kraftortpl\u00e4tze und tauchen ein, in die Pflanzenmytologie und erfahren altes Wissen \u00fcber Baumkunde und Heilpflanzen, ihre Wirkungsweise und heilende Anwendungen.<\/p>\n\n\n\n<p><strong>21.06.2026<\/strong> Natursch\u00f6nheiten zur Sommersonnenwende<\/p>\n\n\n\n<p>Treffpunkt: Herrnhuter Sterne Manufaktur 10 Uhr , ca .3h <\/p>\n\n\n\n<p>Anmeldung : unter <strong>0163 6325139<\/strong><\/p>\n\n\n\n<figure class=\"wp-block-image size-large\"><img loading=\"lazy\" decoding=\"async\" width=\"1024\" height=\"509\" src=\"https:\/\/wiesen-imkerei.de\/wp-content\/uploads\/2020\/01\/Blumen-f\u00fcr-Bienen-2er-1024x509.jpg\" alt=\"\" class=\"wp-image-123\" srcset=\"https:\/\/wiesen-imkerei.de\/wp-content\/uploads\/2020\/01\/Blumen-f\u00fcr-Bienen-2er-1024x509.jpg 1024w, https:\/\/wiesen-imkerei.de\/wp-content\/uploads\/2020\/01\/Blumen-f\u00fcr-Bienen-2er-300x149.jpg 300w, https:\/\/wiesen-imkerei.de\/wp-content\/uploads\/2020\/01\/Blumen-f\u00fcr-Bienen-2er-768x382.jpg 768w, https:\/\/wiesen-imkerei.de\/wp-content\/uploads\/2020\/01\/Blumen-f\u00fcr-Bienen-2er-1536x764.jpg 1536w, https:\/\/wiesen-imkerei.de\/wp-content\/uploads\/2020\/01\/Blumen-f\u00fcr-Bienen-2er-940x468.jpg 940w, https:\/\/wiesen-imkerei.de\/wp-content\/uploads\/2020\/01\/Blumen-f\u00fcr-Bienen-2er-804x400.jpg 804w, https:\/\/wiesen-imkerei.de\/wp-content\/uploads\/2020\/01\/Blumen-f\u00fcr-Bienen-2er.jpg 1807w\" sizes=\"auto, (max-width: 1024px) 100vw, 1024px\" \/><\/figure>\n","protected":false},"excerpt":{"rendered":"<p>Bei einer Wanderung durch den heimischen Wald, kommen wir an Kraftortpl\u00e4tze und tauchen ein, in die Pflanzenmytologie und erfahren altes Wissen \u00fcber Baumkunde und Heilpflanzen, ihre Wirkungsweise und heilende Anwendungen. 21.06.2026 Natursch\u00f6nheiten zur Sommersonnenwende Treffpunkt:&hellip; <a href=\"https:\/\/wiesen-imkerei.de\/?page_id=39\">Mehr<\/a><\/p>\n","protected":false},"author":1,"featured_media":110,"parent":0,"menu_order":0,"comment_status":"closed","ping_status":"closed","template":"","meta":{"footnotes":""},"class_list":["post-39","page","type-page","status-publish","has-post-thumbnail","hentry"],"_links":{"self":[{"href":"https:\/\/wiesen-imkerei.de\/index.php?rest_route=\/wp\/v2\/pages\/39","targetHints":{"allow":["GET"]}}],"collection":[{"href":"https:\/\/wiesen-imkerei.de\/index.php?rest_route=\/wp\/v2\/pages"}],"about":[{"href":"https:\/\/wiesen-imkerei.de\/index.php?rest_route=\/wp\/v2\/types\/page"}],"author":[{"embeddable":true,"href":"https:\/\/wiesen-imkerei.de\/index.php?rest_route=\/wp\/v2\/users\/1"}],"replies":[{"embeddable":true,"href":"https:\/\/wiesen-imkerei.de\/index.php?rest_route=%2Fwp%2Fv2%2Fcomments&post=39"}],"version-history":[{"count":10,"href":"https:\/\/wiesen-imkerei.de\/index.php?rest_route=\/wp\/v2\/pages\/39\/revisions"}],"predecessor-version":[{"id":185,"href":"https:\/\/wiesen-imkerei.de\/index.php?rest_route=\/wp\/v2\/pages\/39\/revisions\/185"}],"wp:featuredmedia":[{"embeddable":true,"href":"https:\/\/wiesen-imkerei.de\/index.php?rest_route=\/wp\/v2\/media\/110"}],"wp:attachment":[{"href":"https:\/\/wiesen-imkerei.de\/index.php?rest_route=%2Fwp%2Fv2%2Fmedia&parent=39"}],"curies":[{"name":"wp","href":"https:\/\/api.w.org\/{rel}","templated":true}]}}