{"id":69,"date":"2020-01-23T11:54:23","date_gmt":"2020-01-23T11:54:23","guid":{"rendered":"http:\/\/wiesen-imkerei.de\/?page_id=69"},"modified":"2023-10-20T18:44:15","modified_gmt":"2023-10-20T18:44:15","slug":"klangschalenbad","status":"publish","type":"page","link":"https:\/\/wiesen-imkerei.de\/?page_id=69","title":{"rendered":"Klangschalenbad"},"content":{"rendered":"\n<p> Wir alle sind zunehmenden Reiz\u00fcberflutungne, Leistungsdruck und Stress ausgesetzt. Nicht immer haben wir in au\u00dfreichenden Ma\u00df die M\u00f6glichkeit, unsere Eindr\u00fccke und Erfahrungen angemessen zu verarbeiten. Das gilt f\u00fcr Erwachsene genauso wie f\u00fcr Kinder. Vieles davon verdr\u00e4ngen wir, es wirkt dann im Unterbewusstsein  weiter und es kann zu St\u00f6rungne im geistig-seelischen Bereich  f\u00fchren. Unruhe, Schlafst\u00f6rungen und Konzentrationsst\u00f6rungen k\u00f6nnen Folgen davon sein. Es ist deshalb sinnvoll schon Kindern die M\u00f6glichkeit zu geben  Ruhepausen und stille Oasen zu erleben. Mit meinen Klangschalen biete ich Ihnen und ihren Kindern die  M\u00f6glichkeit zu entspannen, und einen Ausgleich zur oft lauten Welt zu  finden. Das geschieht in unterschiedlicher Art der Anwedung mit der Klangschale.<br>Sie k\u00f6nne mich sehr gern anrufen, und einen Termin vereinbaren! <\/p>\n\n\n\n<figure class=\"wp-block-gallery has-nested-images columns-default is-cropped wp-block-gallery-1 is-layout-flex wp-block-gallery-is-layout-flex\">\n<figure class=\"wp-block-image size-large is-style-rounded\"><img loading=\"lazy\" decoding=\"async\" width=\"725\" height=\"550\" data-id=\"157\" src=\"https:\/\/wiesen-imkerei.de\/wp-content\/uploads\/2023\/10\/Screenshot_20230531-220225klangschale.jpg\" alt=\"\" class=\"wp-image-157\" srcset=\"https:\/\/wiesen-imkerei.de\/wp-content\/uploads\/2023\/10\/Screenshot_20230531-220225klangschale.jpg 725w, https:\/\/wiesen-imkerei.de\/wp-content\/uploads\/2023\/10\/Screenshot_20230531-220225klangschale-300x228.jpg 300w, https:\/\/wiesen-imkerei.de\/wp-content\/uploads\/2023\/10\/Screenshot_20230531-220225klangschale-527x400.jpg 527w\" sizes=\"auto, (max-width: 725px) 100vw, 725px\" \/><\/figure>\n<\/figure>\n","protected":false},"excerpt":{"rendered":"<p>Wir alle sind zunehmenden Reiz\u00fcberflutungne, Leistungsdruck und Stress ausgesetzt. Nicht immer haben wir in au\u00dfreichenden Ma\u00df die M\u00f6glichkeit, unsere Eindr\u00fccke und Erfahrungen angemessen zu verarbeiten. Das gilt f\u00fcr Erwachsene genauso wie f\u00fcr Kinder. Vieles davon&hellip; <a href=\"https:\/\/wiesen-imkerei.de\/?page_id=69\">Mehr<\/a><\/p>\n","protected":false},"author":1,"featured_media":0,"parent":0,"menu_order":0,"comment_status":"closed","ping_status":"closed","template":"","meta":{"footnotes":""},"class_list":["post-69","page","type-page","status-publish","hentry"],"_links":{"self":[{"href":"https:\/\/wiesen-imkerei.de\/index.php?rest_route=\/wp\/v2\/pages\/69","targetHints":{"allow":["GET"]}}],"collection":[{"href":"https:\/\/wiesen-imkerei.de\/index.php?rest_route=\/wp\/v2\/pages"}],"about":[{"href":"https:\/\/wiesen-imkerei.de\/index.php?rest_route=\/wp\/v2\/types\/page"}],"author":[{"embeddable":true,"href":"https:\/\/wiesen-imkerei.de\/index.php?rest_route=\/wp\/v2\/users\/1"}],"replies":[{"embeddable":true,"href":"https:\/\/wiesen-imkerei.de\/index.php?rest_route=%2Fwp%2Fv2%2Fcomments&post=69"}],"version-history":[{"count":2,"href":"https:\/\/wiesen-imkerei.de\/index.php?rest_route=\/wp\/v2\/pages\/69\/revisions"}],"predecessor-version":[{"id":158,"href":"https:\/\/wiesen-imkerei.de\/index.php?rest_route=\/wp\/v2\/pages\/69\/revisions\/158"}],"wp:attachment":[{"href":"https:\/\/wiesen-imkerei.de\/index.php?rest_route=%2Fwp%2Fv2%2Fmedia&parent=69"}],"curies":[{"name":"wp","href":"https:\/\/api.w.org\/{rel}","templated":true}]}}